{"id":2367,"date":"2025-09-29T16:11:27","date_gmt":"2025-09-29T14:11:27","guid":{"rendered":"https:\/\/creandaccelera.jellibylab.com\/qui-som\/"},"modified":"2026-02-02T17:11:34","modified_gmt":"2026-02-02T16:11:34","slug":"quienes-somos","status":"publish","type":"page","link":"https:\/\/creandaccelera.ad\/es\/quienes-somos\/","title":{"rendered":"\u00bfQui\u00e9nes somos?"},"content":{"rendered":"<section id=\"block_a5612eac16b99c55437ca01346b4a656\" class=\"wp-block-page-header  gutenberg-block  \" data-theme=light  style=\"\">\n    <div class=\"page-header relative\">\n     <svg class=\"gradient absolute top-0 left-0\" width=\"1441\" height=\"409\" viewBox=\"0 0 1441 409\" fill=\"none\" xmlns=\"http:\/\/www.w3.org\/2000\/svg\">\n    <rect width=\"1440\" height=\"409\" transform=\"translate(0.5)\" fill=\"url(#paint0_radial_12722_3245)\" fill-opacity=\"0.8\"\/>\n    <defs>\n    <radialGradient id=\"paint0_radial_12722_3245\" cx=\"0\" cy=\"0\" r=\"1\" gradientTransform=\"matrix(960.5 338.5 -469.531 293.239 229 -47.5)\" gradientUnits=\"userSpaceOnUse\">\n    <stop stop-color=\"#068A2E\"\/>\n    <stop offset=\"0.563419\" stop-color=\"#90BC3E\"\/>\n    <stop offset=\"1\" stop-color=\"#D4F59D\" stop-opacity=\"0\"\/>\n    <\/radialGradient>\n    <\/defs>\n<\/svg>\n    <div class=\"container\">\n      <div class=\"page-header__container relative z-2\">\n        <div class=\"page-header__content-wrapper\">\n           \n            <h1 class=\"title  title-h1 title-h1-bold\">\n        \u00bfQu\u00e9 es Creand Accelera?\n    <\/h1>\n                                <div class=\"page-header__content\">\n              <p>Creand Accelera es la plataforma de Creand que impulsa el emprendimiento y la innovaci\u00f3n en Andorra. Conectamos talento, ideas y recursos para que los proyectos crezcan y generen un impacto real, contribuyendo a diversificar la econom\u00eda del pa\u00eds y posicion\u00e1ndolo como un hub de innovaci\u00f3n abierto al mundo.<\/span><\/p>\n\n            <\/div>\n                            <\/div>\n      <\/div>\n    <\/div>\n  <\/div>\n\n    <\/section>\n\n\n\n<section id=\"block_a896d4ff396b191c43e1d1d74e717b7e\" class=\"wp-block-video-player  gutenberg-block  \" data-theme=light  style=\"\">\n    <div class=\"container\">\n              <div class=\"video-container relative\" data-video=\"youtube\" data-src=\"agq8SqAK4RI\">\n                        <div class=\"video-overlay w-full absolute inset-0 bg-black\/40 z-10\"><\/div>\n                    \n                      <img decoding=\"async\" src=\"https:\/\/creandaccelera.ad\/wp-content\/uploads\/andorra.webp\" alt=\"video poster\">\n                    <div class=\"play-button z-20\">\n            <svg width=\"82\" height=\"82\" viewBox=\"0 0 82 82\" fill=\"none\" xmlns=\"http:\/\/www.w3.org\/2000\/svg\">\n    <path d=\"M64.6218 42.1933L28.8531 62.8444L28.8531 21.5423L64.6218 42.1933Z\" fill=\"white\"\/>\n    <circle cx=\"40.7761\" cy=\"41.4363\" r=\"39.75\" stroke=\"white\" stroke-width=\"1.5\"\/>\n<\/svg>\n          <\/div>\n      <\/div>\n        <\/div>\n\n    <\/section>\n\n\n\n<section id=\"block_2c2fb61c5fcd136ca7e2fc45bc237dc3\" class=\"wp-block-split-image-list-content  gutenberg-block  \" data-theme=light  style=\"\">\n    <svg  viewBox=\"0 0 1440 593\" xmlns=\"http:\/\/www.w3.org\/2000\/svg\" preserveAspectRatio=\"none\" class=\"full\">\n    <g clip-path=\"url(#clip0_12976_3831)\">\n        <rect width=\"1440\" height=\"593\" fill=\"url(#paint0_radial_12976_3831)\" fill-opacity=\"0.8\"\/>\n    <\/g>\n    <defs>\n        <radialGradient id=\"paint0_radial_12976_3831\" cx=\"0\" cy=\"0\" r=\"1\"\n        gradientTransform=\"matrix(774 407.994 -385.967 340.38 229 -68.8692)\"\n        gradientUnits=\"userSpaceOnUse\">\n        <stop stop-color=\"#068A2E\"\/>\n        <stop offset=\"0.563419\" stop-color=\"#90BC3E\"\/>\n        <stop offset=\"1\" stop-color=\"#D4F59D\" stop-opacity=\"0\"\/>\n        <\/radialGradient>\n        <clipPath id=\"clip0_12976_3831\">\n        <rect width=\"1440\" height=\"593\" fill=\"white\"\/>\n        <\/clipPath>\n    <\/defs>\n<\/svg>\n     <div class=\"two-columns-section\"> \n         <div class=\"container-fluid\"> \n             <div class=\"two-columns-section__grid content_center\"> \n                 <div class=\"two-columns-section__text-column  order-last\"> \n                   \n                    \n                    \n                    \n                     \n                        <div class=\"container special-container\">\n                    \n                      \n                         <h2 class=\"title  title-h2\">\n        Nuestra misi\u00f3n\n    <\/h2>\n                      \n\n                      \n                         <div class=\"two-columns-section__description\"  style=\"font-size: 16px; line-height: 1.5em; font-weight: 350;\"  > \n                             <p><span style=\"font-weight: 400;\">La misi\u00f3n de Creand Accelera es apoyar el ecosistema emprendedor de Andorra, impulsando programas, inversi\u00f3n y conexiones que faciliten el crecimiento de proyectos innovadores. Lo hacemos en colaboraci\u00f3n con actores clave, tanto locales como internacionales, para consolidar el talento del pa\u00eds, atraer nuevas iniciativas y generar una transformaci\u00f3n econ\u00f3mica sostenible.<\/span><\/p>\n \n                         <\/div> \n                      \n\n                     \n                      \n\n                     \n                        <\/div>\n                                     <\/div> \n\n                 <div class=\"two-columns-section__media-column order-first\">\n                                            <div class=\"two-columns-section__image-wrapper \">\n                            <img decoding=\"async\" src=\"https:\/\/creandaccelera.ad\/wp-content\/uploads\/creand-accelera-qui-som-la-nostra-missio.webp\" alt=\"Imagen de las monta\u00f1as\" title=\"Imagen de las monta\u00f1as\" class=\"two-columns-section__image \">\n                            \n                            \n                            \n                        <\/div>\n\n                                    <\/div>\n             <\/div>              \n         <\/div> \n     <\/div>\n\n    <\/section>\n\n\n\n<section id=\"block_e3f2ebd7136b4fd74b775b45904254c7\" class=\"wp-block-team-grid  gutenberg-block  \" data-theme=light  style=\"--pt-mobile: 20px;--pb-mobile: 20px;--pt-desktop: 50px;--pb-desktop: 150px;\">\n    <div class=\"container \">\n\n          <h2 class=\"title  title-h2\">\n        El Equipo\n    <\/h2>\n      \n          <div class=\"team-list-container flex items-center flex-wrap gap-5 pt-9 pb-10 md:pb-15 lg:pb-0\">\n                            <div class=\"member w-1\/2 basis-[calc(50%-1rem)] md:w-1\/4 md:basis-[calc(25%-1rem)] lg:w-1\/5 lg:basis-[calc(20%-1rem)]\">\n                          <div class=\"member-image-container\">\n                <picture>\n                  <img decoding=\"async\" src=\"https:\/\/creandaccelera.ad\/wp-content\/uploads\/santiago-larrea.webp\" class=\"team-img\" alt=\"\">\n                <\/picture>\n                                  <div class=\"startup-excerpt\">\n                    <div class=\"flex items-center justify-center h-full flex-wrap gap-3\">\n                                              \n                                                  <div class=\"\">\n                            <a href=\"https:\/\/www.linkedin.com\/in\/santilarrea\/\" target=\"_blank\" class=\"\" rel=\"noopener\">\n                              <img decoding=\"async\" title=\"Ir\" src=\"https:\/\/creandaccelera.ad\/wp-content\/uploads\/linkedin-logo.svg\" alt=\"\" class=\"w-[50px] h-[50px] object-contain hover:opacity-80\">\n                            <\/a>\n                          <\/div>\n                                                                  <\/div>\n                  <\/div>\n                              <\/div>\n                                      <div class=\"member-name  font-bold text-lg leading-lg\">\n                Santiago De Larrea\n              <\/div>\n                                      <div class=\"member-title font-light text-base min-h-[65px] md:min-h-[55px]\">\n                Director de Innovaci\u00f3n\n              <\/div>\n                      <\/div>\n                            <div class=\"member w-1\/2 basis-[calc(50%-1rem)] md:w-1\/4 md:basis-[calc(25%-1rem)] lg:w-1\/5 lg:basis-[calc(20%-1rem)]\">\n                          <div class=\"member-image-container\">\n                <picture>\n                  <img decoding=\"async\" src=\"https:\/\/creandaccelera.ad\/wp-content\/uploads\/ana-valcarce.webp\" class=\"team-img\" alt=\"\">\n                <\/picture>\n                                  <div class=\"startup-excerpt\">\n                    <div class=\"flex items-center justify-center h-full flex-wrap gap-3\">\n                                              \n                                                  <div class=\"\">\n                            <a href=\"https:\/\/www.linkedin.com\/in\/ana-valcarce-nogueiras\/\" target=\"_blank\" class=\"\" rel=\"noopener\">\n                              <img decoding=\"async\" title=\"Ir \" src=\"https:\/\/creandaccelera.ad\/wp-content\/uploads\/linkedin-logo.svg\" alt=\"\" class=\"w-[50px] h-[50px] object-contain hover:opacity-80\">\n                            <\/a>\n                          <\/div>\n                                                                  <\/div>\n                  <\/div>\n                              <\/div>\n                                      <div class=\"member-name  font-bold text-lg leading-lg\">\n                Ana Valcarce\n              <\/div>\n                                      <div class=\"member-title font-light text-base min-h-[65px] md:min-h-[55px]\">\n                T\u00e9cnica de Innovaci\u00f3n Senior\n              <\/div>\n                      <\/div>\n                            <div class=\"member w-1\/2 basis-[calc(50%-1rem)] md:w-1\/4 md:basis-[calc(25%-1rem)] lg:w-1\/5 lg:basis-[calc(20%-1rem)]\">\n                          <div class=\"member-image-container\">\n                <picture>\n                  <img decoding=\"async\" src=\"https:\/\/creandaccelera.ad\/wp-content\/uploads\/claudio-amorim.webp\" class=\"team-img\" alt=\"\">\n                <\/picture>\n                                  <div class=\"startup-excerpt\">\n                    <div class=\"flex items-center justify-center h-full flex-wrap gap-3\">\n                                              \n                                                  <div class=\"\">\n                            <a href=\"https:\/\/www.linkedin.com\/in\/claudi-amorim\/\" target=\"_blank\" class=\"\" rel=\"noopener\">\n                              <img decoding=\"async\" title=\"Ir\" src=\"https:\/\/creandaccelera.ad\/wp-content\/uploads\/linkedin-logo.svg\" alt=\"\" class=\"w-[50px] h-[50px] object-contain hover:opacity-80\">\n                            <\/a>\n                          <\/div>\n                                                                  <\/div>\n                  <\/div>\n                              <\/div>\n                                      <div class=\"member-name  font-bold text-lg leading-lg\">\n                Claudio Amorim\n              <\/div>\n                                      <div class=\"member-title font-light text-base min-h-[65px] md:min-h-[55px]\">\n                T\u00e9cnico de Innovaci\u00f3n Senior\n              <\/div>\n                      <\/div>\n                            <div class=\"member w-1\/2 basis-[calc(50%-1rem)] md:w-1\/4 md:basis-[calc(25%-1rem)] lg:w-1\/5 lg:basis-[calc(20%-1rem)]\">\n                          <div class=\"member-image-container\">\n                <picture>\n                  <img decoding=\"async\" src=\"https:\/\/creandaccelera.ad\/wp-content\/uploads\/jordi-mur-e1770048364390.jpeg\" class=\"team-img\" alt=\"\">\n                <\/picture>\n                                  <div class=\"startup-excerpt\">\n                    <div class=\"flex items-center justify-center h-full flex-wrap gap-3\">\n                                              \n                                                  <div class=\"\">\n                            <a href=\"https:\/\/www.linkedin.com\/in\/jordi-mur\/\" target=\"_blank\" class=\"\" rel=\"noopener\">\n                              <img decoding=\"async\" title=\"Ir\" src=\"https:\/\/creandaccelera.ad\/wp-content\/uploads\/linkedin-logo.svg\" alt=\"\" class=\"w-[50px] h-[50px] object-contain hover:opacity-80\">\n                            <\/a>\n                          <\/div>\n                                                                  <\/div>\n                  <\/div>\n                              <\/div>\n                                      <div class=\"member-name  font-bold text-lg leading-lg\">\n                Jordi Mur\n              <\/div>\n                                      <div class=\"member-title font-light text-base min-h-[65px] md:min-h-[55px]\">\n                T\u00e9cnico de Innovaci\u00f3n Senior\n              <\/div>\n                      <\/div>\n                            <div class=\"member w-1\/2 basis-[calc(50%-1rem)] md:w-1\/4 md:basis-[calc(25%-1rem)] lg:w-1\/5 lg:basis-[calc(20%-1rem)]\">\n                          <div class=\"member-image-container\">\n                <picture>\n                  <img decoding=\"async\" src=\"https:\/\/creandaccelera.ad\/wp-content\/uploads\/estel-sarda.webp\" class=\"team-img\" alt=\"\">\n                <\/picture>\n                                  <div class=\"startup-excerpt\">\n                    <div class=\"flex items-center justify-center h-full flex-wrap gap-3\">\n                                              \n                                                  <div class=\"\">\n                            <a href=\"https:\/\/www.linkedin.com\/in\/estel-sard%C3%A0-783b1b148\/\" target=\"_blank\" class=\"\" rel=\"noopener\">\n                              <img decoding=\"async\" title=\"Ir\" src=\"https:\/\/creandaccelera.ad\/wp-content\/uploads\/linkedin-logo.svg\" alt=\"\" class=\"w-[50px] h-[50px] object-contain hover:opacity-80\">\n                            <\/a>\n                          <\/div>\n                                                                  <\/div>\n                  <\/div>\n                              <\/div>\n                                      <div class=\"member-name  font-bold text-lg leading-lg\">\n                Estel Sard\u00e0\n              <\/div>\n                                      <div class=\"member-title font-light text-base min-h-[65px] md:min-h-[55px]\">\n                Coordinadora Gesti\u00f3n de Activos y Alternativos\n              <\/div>\n                      <\/div>\n                            <div class=\"member w-1\/2 basis-[calc(50%-1rem)] md:w-1\/4 md:basis-[calc(25%-1rem)] lg:w-1\/5 lg:basis-[calc(20%-1rem)]\">\n                          <div class=\"member-image-container\">\n                <picture>\n                  <img decoding=\"async\" src=\"https:\/\/creandaccelera.ad\/wp-content\/uploads\/guillem-escabros.webp\" class=\"team-img\" alt=\"\">\n                <\/picture>\n                                  <div class=\"startup-excerpt\">\n                    <div class=\"flex items-center justify-center h-full flex-wrap gap-3\">\n                                              \n                                                  <div class=\"\">\n                            <a href=\"https:\/\/www.linkedin.com\/in\/guillem-escabr%C3%B3s-noves-55610688\/\" target=\"_blank\" class=\"\" rel=\"noopener\">\n                              <img decoding=\"async\" title=\"Ir\" src=\"https:\/\/creandaccelera.ad\/wp-content\/uploads\/linkedin-logo.svg\" alt=\"\" class=\"w-[50px] h-[50px] object-contain hover:opacity-80\">\n                            <\/a>\n                          <\/div>\n                                                                  <\/div>\n                  <\/div>\n                              <\/div>\n                                      <div class=\"member-name  font-bold text-lg leading-lg\">\n                Guillem Escabr\u00f3s\n              <\/div>\n                                      <div class=\"member-title font-light text-base min-h-[65px] md:min-h-[55px]\">\n                Responsable Private Equity y Private Debt\n              <\/div>\n                      <\/div>\n                            <div class=\"member w-1\/2 basis-[calc(50%-1rem)] md:w-1\/4 md:basis-[calc(25%-1rem)] lg:w-1\/5 lg:basis-[calc(20%-1rem)]\">\n                          <div class=\"member-image-container\">\n                <picture>\n                  <img decoding=\"async\" src=\"https:\/\/creandaccelera.ad\/wp-content\/uploads\/robert-sanz-1.webp\" class=\"team-img\" alt=\"\">\n                <\/picture>\n                                  <div class=\"startup-excerpt\">\n                    <div class=\"flex items-center justify-center h-full flex-wrap gap-3\">\n                                              \n                                                  <div class=\"\">\n                            <a href=\"https:\/\/www.linkedin.com\/in\/robertsanzboixadera\/\" target=\"_blank\" class=\"\" rel=\"noopener\">\n                              <img decoding=\"async\" title=\"Ir\" src=\"https:\/\/creandaccelera.ad\/wp-content\/uploads\/linkedin-logo.svg\" alt=\"\" class=\"w-[50px] h-[50px] object-contain hover:opacity-80\">\n                            <\/a>\n                          <\/div>\n                                                                  <\/div>\n                  <\/div>\n                              <\/div>\n                                      <div class=\"member-name  font-bold text-lg leading-lg\">\n                Robert Sanz\n              <\/div>\n                                      <div class=\"member-title font-light text-base min-h-[65px] md:min-h-[55px]\">\n                Responsable Venture Capital y Activos Digitales\n              <\/div>\n                      <\/div>\n              <\/div>\n      <\/div>\n\n    <\/section>\n\n","protected":false},"excerpt":{"rendered":"","protected":false},"author":1,"featured_media":0,"parent":0,"menu_order":0,"comment_status":"closed","ping_status":"closed","template":"","meta":{"_acf_changed":false,"inline_featured_image":false,"footnotes":""},"class_list":["post-2367","page","type-page","status-publish","hentry"],"acf":[],"_links":{"self":[{"href":"https:\/\/creandaccelera.ad\/es\/wp-json\/wp\/v2\/pages\/2367","targetHints":{"allow":["GET"]}}],"collection":[{"href":"https:\/\/creandaccelera.ad\/es\/wp-json\/wp\/v2\/pages"}],"about":[{"href":"https:\/\/creandaccelera.ad\/es\/wp-json\/wp\/v2\/types\/page"}],"author":[{"embeddable":true,"href":"https:\/\/creandaccelera.ad\/es\/wp-json\/wp\/v2\/users\/1"}],"replies":[{"embeddable":true,"href":"https:\/\/creandaccelera.ad\/es\/wp-json\/wp\/v2\/comments?post=2367"}],"version-history":[{"count":3,"href":"https:\/\/creandaccelera.ad\/es\/wp-json\/wp\/v2\/pages\/2367\/revisions"}],"predecessor-version":[{"id":4318,"href":"https:\/\/creandaccelera.ad\/es\/wp-json\/wp\/v2\/pages\/2367\/revisions\/4318"}],"wp:attachment":[{"href":"https:\/\/creandaccelera.ad\/es\/wp-json\/wp\/v2\/media?parent=2367"}],"curies":[{"name":"wp","href":"https:\/\/api.w.org\/{rel}","templated":true}]}}