{"id":2458,"date":"2025-09-29T16:11:27","date_gmt":"2025-09-29T14:11:27","guid":{"rendered":"https:\/\/creandaccelera.jellibylab.com\/programes\/"},"modified":"2025-11-25T13:01:28","modified_gmt":"2025-11-25T12:01:28","slug":"programas","status":"publish","type":"page","link":"https:\/\/creandaccelera.ad\/es\/programas\/","title":{"rendered":"Programas"},"content":{"rendered":"<section id=\"block_57f220e7d75a53ae1f5ddd2b3aadb80d\" class=\"wp-block-page-header  gutenberg-block  \" data-theme=light  style=\"\">\n    <div class=\"page-header relative\">\n     <svg class=\"gradient absolute top-0 left-0\" width=\"1441\" height=\"409\" viewBox=\"0 0 1441 409\" fill=\"none\" xmlns=\"http:\/\/www.w3.org\/2000\/svg\">\n    <rect width=\"1440\" height=\"409\" transform=\"translate(0.5)\" fill=\"url(#paint0_radial_12722_3245)\" fill-opacity=\"0.8\"\/>\n    <defs>\n    <radialGradient id=\"paint0_radial_12722_3245\" cx=\"0\" cy=\"0\" r=\"1\" gradientTransform=\"matrix(960.5 338.5 -469.531 293.239 229 -47.5)\" gradientUnits=\"userSpaceOnUse\">\n    <stop stop-color=\"#068A2E\"\/>\n    <stop offset=\"0.563419\" stop-color=\"#90BC3E\"\/>\n    <stop offset=\"1\" stop-color=\"#D4F59D\" stop-opacity=\"0\"\/>\n    <\/radialGradient>\n    <\/defs>\n<\/svg>\n    <div class=\"container\">\n      <div class=\"page-header__container relative z-2\">\n        <div class=\"page-header__content-wrapper\">\n           \n            <h1 class=\"title  title-h1 title-h1-bold\">\n        Un marco para acelerar ideas\n    <\/h1>\n                                <div class=\"page-header__content\">\n              <p><span style=\"font-weight: 400;\">En Creand Accelera impulsamos programas que ponen al alcance de emprendedores, startups y empresas las herramientas necesarias para crecer. Desde la aceleraci\u00f3n hasta la formaci\u00f3n y las iniciativas educativas, cada programa genera nuevas oportunidades y colaboraciones que fortalecen el ecosistema de innovaci\u00f3n de Andorra.<\/span><\/p>\n\n            <\/div>\n                            <\/div>\n      <\/div>\n    <\/div>\n  <\/div>\n\n    <\/section>\n\n\n\n<section id=\"block_710b636eb814082e7628f61bce20c2bf\" class=\"wp-block-anchors-navigation  gutenberg-block  \" data-theme=light  style=\"\">\n    <div class=\"anchor-nav__wrapper\">\n    <div class=\"container\">\n              <div class=\"anchor-nav__list\">\n                                  \n            <a href=\"#andorra-open-valley\"  class=\"anchor-nav__link anchor-smooth\">\n              Andorra Open Valley\n            <\/a>\n                                  \n            <a href=\"#enlaira\"  class=\"anchor-nav__link anchor-smooth\">\n              Enlaira\n            <\/a>\n                                  \n            <a href=\"#summer-innovation-challenge\"  class=\"anchor-nav__link anchor-smooth\">\n               Creand Summer\u2028Innovation Challenge\n            <\/a>\n                  <\/div>\n          <\/div>\n  <\/div>\n\n    <\/section>\n\n\n\n<section id=\"andorra-open-valley\" class=\"wp-block-split-image-list-content  gutenberg-block  \" data-theme=light  style=\"--pb-mobile: 0px;--pb-desktop: 0px;\">\n    <svg  viewBox=\"0 0 1440 593\" xmlns=\"http:\/\/www.w3.org\/2000\/svg\" preserveAspectRatio=\"none\" class=\"full\">\n    <g clip-path=\"url(#clip0_12976_3831)\">\n        <rect width=\"1440\" height=\"593\" fill=\"url(#paint0_radial_12976_3831)\" fill-opacity=\"0.8\"\/>\n    <\/g>\n    <defs>\n        <radialGradient id=\"paint0_radial_12976_3831\" cx=\"0\" cy=\"0\" r=\"1\"\n        gradientTransform=\"matrix(774 407.994 -385.967 340.38 229 -68.8692)\"\n        gradientUnits=\"userSpaceOnUse\">\n        <stop stop-color=\"#068A2E\"\/>\n        <stop offset=\"0.563419\" stop-color=\"#90BC3E\"\/>\n        <stop offset=\"1\" stop-color=\"#D4F59D\" stop-opacity=\"0\"\/>\n        <\/radialGradient>\n        <clipPath id=\"clip0_12976_3831\">\n        <rect width=\"1440\" height=\"593\" fill=\"white\"\/>\n        <\/clipPath>\n    <\/defs>\n<\/svg>\n     <div class=\"two-columns-section\"> \n         <div class=\"container\"> \n             <div class=\"two-columns-section__grid content_center\"> \n                 <div class=\"two-columns-section__text-column  order-last\"> \n                   \n                    \n                    \n                    \n                    \n                      \n                         <h2 class=\"title  title-h2\">\n        Andorra Open Valley\n    <\/h2>\n                      \n\n                      \n                         <div class=\"two-columns-section__description\"  style=\"font-size: 16px; line-height: 1.5em; font-weight: 350;\"  > \n                             <p>Andorra Open Valley es el programa europeo de aceleraci\u00f3n de startups impulsado por Creand en colaboraci\u00f3n con Plug and Play TC.<\/p>\n<p>Con una duraci\u00f3n de tres a\u00f1os, el programa tiene como objetivo acelerar 30 startups de alto potencial que puedan contribuir a la transformaci\u00f3n econ\u00f3mica de Andorra, atrayendo la inversi\u00f3n y fomentando la colaboraci\u00f3n entre startups y empresas l\u00edderes.<\/p>\n \n                         <\/div> \n                      \n\n                     \n                      \n                                                  <div class=\"two-columns-section__button-wrapper\"> \n                            <a href=\"https:\/\/creandaccelera.ad\/es\/programas\/andorra-open-valley\/\"  data-target=\"#form-CRPR\"   class=\"button button-terciary \" target=\"\" title=\"Conoce Andorra Open Valley\">\n                Conoce Andorra Open Valley\n    <\/a>\n                         <\/div> \n\n                         \n                      \n\n                                     <\/div> \n\n                 <div class=\"two-columns-section__media-column order-first\">\n                                            <div class=\"two-columns-section__image-wrapper \">\n                            <img decoding=\"async\" src=\"https:\/\/creandaccelera.ad\/wp-content\/uploads\/andorra-open-valley.svg\" alt=\"Andorra Open Valley\" title=\"Andorra Open Valley\" class=\"two-columns-section__image \">\n                            \n                            \n                            \n                        <\/div>\n\n                                    <\/div>\n             <\/div>              \n         <\/div> \n     <\/div>\n\n    <\/section>\n\n\n\n<section id=\"enlaira\" class=\"wp-block-split-image-list-content  gutenberg-block  \" data-theme=light  style=\"--pb-mobile: 0px;--pb-desktop: 0px;\">\n    <svg  viewBox=\"0 0 1440 593\" xmlns=\"http:\/\/www.w3.org\/2000\/svg\" preserveAspectRatio=\"none\" class=\"full\">\n    <g clip-path=\"url(#clip0_12976_3831)\">\n        <rect width=\"1440\" height=\"593\" fill=\"url(#paint0_radial_12976_3831)\" fill-opacity=\"0.8\"\/>\n    <\/g>\n    <defs>\n        <radialGradient id=\"paint0_radial_12976_3831\" cx=\"0\" cy=\"0\" r=\"1\"\n        gradientTransform=\"matrix(774 407.994 -385.967 340.38 229 -68.8692)\"\n        gradientUnits=\"userSpaceOnUse\">\n        <stop stop-color=\"#068A2E\"\/>\n        <stop offset=\"0.563419\" stop-color=\"#90BC3E\"\/>\n        <stop offset=\"1\" stop-color=\"#D4F59D\" stop-opacity=\"0\"\/>\n        <\/radialGradient>\n        <clipPath id=\"clip0_12976_3831\">\n        <rect width=\"1440\" height=\"593\" fill=\"white\"\/>\n        <\/clipPath>\n    <\/defs>\n<\/svg>\n     <div class=\"two-columns-section\"> \n         <div class=\"container\"> \n             <div class=\"two-columns-section__grid content_center\"> \n                 <div class=\"two-columns-section__text-column  order-first\"> \n                   \n                    \n                    \n                    \n                    \n                      \n                         <h2 class=\"title  title-h2\">\n        Enlaira\n    <\/h2>\n                      \n\n                      \n                         <div class=\"two-columns-section__description\"  style=\"font-size: 16px; line-height: 1.5em; font-weight: 350;\"  > \n                             <p><span style=\"font-weight: 400;\">Enlaira es el programa de aceleraci\u00f3n para startups andorranas creado en colaboraci\u00f3n con Andorra Business. Aporta mentor\u00eda, acompa\u00f1amiento experto y apoyo financiero para que los proyectos seleccionados puedan crecer con mayor solidez.<\/span><b>\u00a0<\/b><\/p>\n \n                         <\/div> \n                      \n\n                     \n                      \n                                                  <div class=\"two-columns-section__button-wrapper\"> \n                            <a href=\"https:\/\/creandaccelera.ad\/es\/programas\/enlaira\/\"  data-target=\"#form-b7n3\"   class=\"button button-terciary \" target=\"\" title=\"Conoce la experiencia Enlaira\">\n                Conoce la experiencia Enlaira\n    <\/a>\n                         <\/div> \n\n                         \n                      \n\n                                     <\/div> \n\n                 <div class=\"two-columns-section__media-column order-last\">\n                                            <div class=\"two-columns-section__image-wrapper \">\n                            <img decoding=\"async\" src=\"https:\/\/creandaccelera.ad\/wp-content\/uploads\/creand-accelera-programes-enlaira.svg\" alt=\"Enlaira\" title=\"Enlaira\" class=\"two-columns-section__image \">\n                            \n                            \n                            \n                        <\/div>\n\n                                    <\/div>\n             <\/div>              \n         <\/div> \n     <\/div>\n\n    <\/section>\n\n\n\n<section id=\"summer-innovation-challenge\" class=\"wp-block-split-image-list-content  gutenberg-block  \" data-theme=light  style=\"--pt-mobile: 0px;--pb-mobile: 0px;--pt-desktop: 0px;--pb-desktop: 0px;\">\n    <svg  viewBox=\"0 0 1440 593\" xmlns=\"http:\/\/www.w3.org\/2000\/svg\" preserveAspectRatio=\"none\" class=\"full\">\n    <g clip-path=\"url(#clip0_12976_3831)\">\n        <rect width=\"1440\" height=\"593\" fill=\"url(#paint0_radial_12976_3831)\" fill-opacity=\"0.8\"\/>\n    <\/g>\n    <defs>\n        <radialGradient id=\"paint0_radial_12976_3831\" cx=\"0\" cy=\"0\" r=\"1\"\n        gradientTransform=\"matrix(774 407.994 -385.967 340.38 229 -68.8692)\"\n        gradientUnits=\"userSpaceOnUse\">\n        <stop stop-color=\"#068A2E\"\/>\n        <stop offset=\"0.563419\" stop-color=\"#90BC3E\"\/>\n        <stop offset=\"1\" stop-color=\"#D4F59D\" stop-opacity=\"0\"\/>\n        <\/radialGradient>\n        <clipPath id=\"clip0_12976_3831\">\n        <rect width=\"1440\" height=\"593\" fill=\"white\"\/>\n        <\/clipPath>\n    <\/defs>\n<\/svg>\n     <div class=\"two-columns-section\"> \n         <div class=\"container\"> \n             <div class=\"two-columns-section__grid content_center\"> \n                 <div class=\"two-columns-section__text-column  order-last\"> \n                   \n                    \n                    \n                    \n                    \n                      \n                         <h2 class=\"title  title-h2\">\n         Creand Summer Innovation Challenge\n    <\/h2>\n                      \n\n                      \n                         <div class=\"two-columns-section__description\"  style=\"font-size: 16px; line-height: 1.5em; font-weight: 350;\"  > \n                             <p><span style=\"font-weight: 400;\">El Creand Summer Innovation Challenge es una iniciativa dirigida a los estudiantes en pr\u00e1cticas de Creand Cr\u00e8dit Andorr\u00e0. A trav\u00e9s de retos reales, los participantes experimentan con metodolog\u00edas de emprendimiento, trabajo en equipo y generaci\u00f3n de ideas innovadoras, viviendo una experiencia diferencial que combina aprendizaje y creatividad.<\/span><\/p>\n \n                         <\/div> \n                      \n\n                     \n                      \n                                                  <div class=\"two-columns-section__button-wrapper\"> \n                            <a href=\"https:\/\/creandaccelera.ad\/es\/programas\/creand-summer-innovation-challenge\/\"  data-target=\"#form-HkNQ\"   class=\"button button-terciary \" target=\"\" title=\"Talento joven en acci\u00f3n\">\n                Talento joven en acci\u00f3n\n    <\/a>\n                         <\/div> \n\n                         \n                      \n\n                                     <\/div> \n\n                 <div class=\"two-columns-section__media-column order-first\">\n                                            <div class=\"two-columns-section__image-wrapper \">\n                            <img decoding=\"async\" src=\"https:\/\/creandaccelera.ad\/wp-content\/uploads\/creand-accelera-programes-summer-challenge.svg\" alt=\" Creand Summer Innovation Challenge\" title=\" Creand Summer Innovation Challenge\" class=\"two-columns-section__image \">\n                            \n                            \n                            \n                        <\/div>\n\n                                    <\/div>\n             <\/div>              \n         <\/div> \n     <\/div>\n\n    <\/section>\n\n","protected":false},"excerpt":{"rendered":"","protected":false},"author":1,"featured_media":0,"parent":0,"menu_order":0,"comment_status":"closed","ping_status":"closed","template":"","meta":{"_acf_changed":false,"inline_featured_image":false,"footnotes":""},"class_list":["post-2458","page","type-page","status-publish","hentry"],"acf":[],"_links":{"self":[{"href":"https:\/\/creandaccelera.ad\/es\/wp-json\/wp\/v2\/pages\/2458","targetHints":{"allow":["GET"]}}],"collection":[{"href":"https:\/\/creandaccelera.ad\/es\/wp-json\/wp\/v2\/pages"}],"about":[{"href":"https:\/\/creandaccelera.ad\/es\/wp-json\/wp\/v2\/types\/page"}],"author":[{"embeddable":true,"href":"https:\/\/creandaccelera.ad\/es\/wp-json\/wp\/v2\/users\/1"}],"replies":[{"embeddable":true,"href":"https:\/\/creandaccelera.ad\/es\/wp-json\/wp\/v2\/comments?post=2458"}],"version-history":[{"count":2,"href":"https:\/\/creandaccelera.ad\/es\/wp-json\/wp\/v2\/pages\/2458\/revisions"}],"predecessor-version":[{"id":3677,"href":"https:\/\/creandaccelera.ad\/es\/wp-json\/wp\/v2\/pages\/2458\/revisions\/3677"}],"wp:attachment":[{"href":"https:\/\/creandaccelera.ad\/es\/wp-json\/wp\/v2\/media?parent=2458"}],"curies":[{"name":"wp","href":"https:\/\/api.w.org\/{rel}","templated":true}]}}