{"id":2519,"date":"2025-10-13T16:21:00","date_gmt":"2025-10-13T14:21:00","guid":{"rendered":"https:\/\/creandaccelera.jellibylab.com\/contacte\/"},"modified":"2025-10-30T17:43:16","modified_gmt":"2025-10-30T16:43:16","slug":"contacto","status":"publish","type":"page","link":"https:\/\/creandaccelera.ad\/es\/contacto\/","title":{"rendered":"Contacto"},"content":{"rendered":"<section id=\"block_c26da3cfc6a8f43d5ccfdf7c2515c4a7\" class=\"wp-block-page-header  gutenberg-block  \" data-theme=light  style=\"\">\n    <div class=\"page-header relative\">\n     <svg class=\"gradient absolute top-0 left-0\" width=\"1441\" height=\"409\" viewBox=\"0 0 1441 409\" fill=\"none\" xmlns=\"http:\/\/www.w3.org\/2000\/svg\">\n    <rect width=\"1440\" height=\"409\" transform=\"translate(0.5)\" fill=\"url(#paint0_radial_12722_3245)\" fill-opacity=\"0.8\"\/>\n    <defs>\n    <radialGradient id=\"paint0_radial_12722_3245\" cx=\"0\" cy=\"0\" r=\"1\" gradientTransform=\"matrix(960.5 338.5 -469.531 293.239 229 -47.5)\" gradientUnits=\"userSpaceOnUse\">\n    <stop stop-color=\"#068A2E\"\/>\n    <stop offset=\"0.563419\" stop-color=\"#90BC3E\"\/>\n    <stop offset=\"1\" stop-color=\"#D4F59D\" stop-opacity=\"0\"\/>\n    <\/radialGradient>\n    <\/defs>\n<\/svg>\n    <div class=\"container\">\n      <div class=\"page-header__container relative z-2\">\n        <div class=\"page-header__content-wrapper\">\n           \n            <h1 class=\"title  title-h1 title-h1-bold\">\n        Contacto\n    <\/h1>\n                                <div class=\"page-header__content\">\n              <p>Creand Accelera pone a tu disposici\u00f3n el siguiente formulario, donde podr\u00e1s formalizar tus sugerencias o preguntas. La informaci\u00f3n que nos proporciones ser\u00e1 de car\u00e1cter confidencial.<\/p>\n\n            <\/div>\n                            <\/div>\n      <\/div>\n    <\/div>\n  <\/div>\n\n    <\/section>\n\n\n\n<section id=\"block_c1641f58a94a8723660de930b7674a4f\" class=\"contact-form container-small wp-block-content-basic  gutenberg-block  \" data-theme=light  style=\"--pt-mobile: 20px;--pb-mobile: 50px;--pt-desktop: 0px;--pb-desktop: 90px;\">\n    <div class=\"container\">\n      <div class=\"content-description\">\n        <p><script src=\"https:\/\/js-eu1.hsforms.net\/forms\/embed\/24876949.js\" defer><\/script><\/p>\n<div class=\"hs-form-frame\" data-region=\"eu1\" data-form-id=\"8f2050d2-46b0-4b2b-bf0b-a7992576cf89\" data-portal-id=\"24876949\"><\/div>\n\n      <\/div>\n    <\/div>\n\n    <\/section>\n\n","protected":false},"excerpt":{"rendered":"","protected":false},"author":1,"featured_media":0,"parent":0,"menu_order":0,"comment_status":"closed","ping_status":"closed","template":"","meta":{"_acf_changed":false,"inline_featured_image":false,"footnotes":""},"class_list":["post-2519","page","type-page","status-publish","hentry"],"acf":[],"_links":{"self":[{"href":"https:\/\/creandaccelera.ad\/es\/wp-json\/wp\/v2\/pages\/2519","targetHints":{"allow":["GET"]}}],"collection":[{"href":"https:\/\/creandaccelera.ad\/es\/wp-json\/wp\/v2\/pages"}],"about":[{"href":"https:\/\/creandaccelera.ad\/es\/wp-json\/wp\/v2\/types\/page"}],"author":[{"embeddable":true,"href":"https:\/\/creandaccelera.ad\/es\/wp-json\/wp\/v2\/users\/1"}],"replies":[{"embeddable":true,"href":"https:\/\/creandaccelera.ad\/es\/wp-json\/wp\/v2\/comments?post=2519"}],"version-history":[{"count":1,"href":"https:\/\/creandaccelera.ad\/es\/wp-json\/wp\/v2\/pages\/2519\/revisions"}],"predecessor-version":[{"id":3169,"href":"https:\/\/creandaccelera.ad\/es\/wp-json\/wp\/v2\/pages\/2519\/revisions\/3169"}],"wp:attachment":[{"href":"https:\/\/creandaccelera.ad\/es\/wp-json\/wp\/v2\/media?parent=2519"}],"curies":[{"name":"wp","href":"https:\/\/api.w.org\/{rel}","templated":true}]}}