{"id":2528,"date":"2025-09-29T16:11:27","date_gmt":"2025-09-29T14:11:27","guid":{"rendered":"https:\/\/creandaccelera.jellibylab.com\/inversiones\/startup-participades\/"},"modified":"2025-10-30T18:22:43","modified_gmt":"2025-10-30T17:22:43","slug":"startups-participadas","status":"publish","type":"page","link":"https:\/\/creandaccelera.ad\/es\/inversiones\/startups-participadas\/","title":{"rendered":"Startups participadas"},"content":{"rendered":"<section id=\"block_baaa94295e7cb94292e6d74b7dda7424\" class=\"wp-block-page-header  gutenberg-block  \" data-theme=light  style=\"\">\n    <div class=\"page-header relative\">\n     <svg class=\"gradient absolute top-0 left-0\" width=\"1441\" height=\"409\" viewBox=\"0 0 1441 409\" fill=\"none\" xmlns=\"http:\/\/www.w3.org\/2000\/svg\">\n    <rect width=\"1440\" height=\"409\" transform=\"translate(0.5)\" fill=\"url(#paint0_radial_12722_3245)\" fill-opacity=\"0.8\"\/>\n    <defs>\n    <radialGradient id=\"paint0_radial_12722_3245\" cx=\"0\" cy=\"0\" r=\"1\" gradientTransform=\"matrix(960.5 338.5 -469.531 293.239 229 -47.5)\" gradientUnits=\"userSpaceOnUse\">\n    <stop stop-color=\"#068A2E\"\/>\n    <stop offset=\"0.563419\" stop-color=\"#90BC3E\"\/>\n    <stop offset=\"1\" stop-color=\"#D4F59D\" stop-opacity=\"0\"\/>\n    <\/radialGradient>\n    <\/defs>\n<\/svg>\n    <div class=\"container\">\n      <div class=\"page-header__container relative z-2\">\n        <div class=\"page-header__content-wrapper\">\n           \n            <h1 class=\"title  title-h1 title-h1-bold\">\n        Crecemos con nuestras startups\n    <\/h1>\n                                <div class=\"page-header__content\">\n              <p>Las iniciativas que apoyamos reflejan nuestro compromiso por la innovaci\u00f3n y el talento emprendedor. Cada proyecto es una oportunidad para fortalecer el ecosistema y generar un impacto positivo, estableciendo colaboraciones que nos conecten con tendencias y soluciones de alcance internacional.<\/p>\n\n            <\/div>\n                            <\/div>\n      <\/div>\n    <\/div>\n  <\/div>\n\n    <\/section>\n\n\n\n<section id=\"block_3cc67d08caabd100fd7fe61029ae4922\" class=\"wp-block-split-image-list-content  gutenberg-block  \" data-theme=light  style=\"\">\n    <svg  viewBox=\"0 0 1440 593\" xmlns=\"http:\/\/www.w3.org\/2000\/svg\" preserveAspectRatio=\"none\" class=\"full\">\n    <g clip-path=\"url(#clip0_12976_3831)\">\n        <rect width=\"1440\" height=\"593\" fill=\"url(#paint0_radial_12976_3831)\" fill-opacity=\"0.8\"\/>\n    <\/g>\n    <defs>\n        <radialGradient id=\"paint0_radial_12976_3831\" cx=\"0\" cy=\"0\" r=\"1\"\n        gradientTransform=\"matrix(774 407.994 -385.967 340.38 229 -68.8692)\"\n        gradientUnits=\"userSpaceOnUse\">\n        <stop stop-color=\"#068A2E\"\/>\n        <stop offset=\"0.563419\" stop-color=\"#90BC3E\"\/>\n        <stop offset=\"1\" stop-color=\"#D4F59D\" stop-opacity=\"0\"\/>\n        <\/radialGradient>\n        <clipPath id=\"clip0_12976_3831\">\n        <rect width=\"1440\" height=\"593\" fill=\"white\"\/>\n        <\/clipPath>\n    <\/defs>\n<\/svg>\n     <div class=\"two-columns-section\"> \n         <div class=\"container-fluid\"> \n             <div class=\"two-columns-section__grid content_center\"> \n                 <div class=\"two-columns-section__text-column  order-last\"> \n                   \n                    \n                    \n                    \n                     \n                        <div class=\"container special-container\">\n                    \n                      \n                         <h2 class=\"title  title-h2\">\n        Vesto\n    <\/h2>\n                      \n\n                      \n                         <div class=\"two-columns-section__description\"  style=\"font-size: 16px; line-height: 1.5em; font-weight: 350;\"  > \n                             <p>Vesto es una plataforma de inversi\u00f3n digital que democratiza el acceso a los mercados financieros. Permite invertir a partir de cantidades reducidas y ofrece colecciones tem\u00e1ticas desarrolladas con la colaboraci\u00f3n de influencers y expertos, convirtiendo la inversi\u00f3n en una experiencia educativa, social y accesible para las nuevas generaciones.<\/p>\n \n                         <\/div> \n                      \n\n                     \n                      \n                                                  <div class=\"two-columns-section__button-wrapper\"> \n                            <a href=\"https:\/\/www.vestoapp.com\/\" data-target=\"#form-QIUV\" class=\"button button-terciary \" target=\"_blank\" title=\"Descubre Vesto\" rel=\"noopener\">\n                    <svg width=\"16\" height=\"17\" viewBox=\"0 0 16 17\" fill=\"none\" xmlns=\"http:\/\/www.w3.org\/2000\/svg\">\n<g clip-path=\"url(#clip0_12627_39119)\">\n<path d=\"M12 13.1667H4C3.63333 13.1667 3.33333 12.8667 3.33333 12.5V4.5C3.33333 4.13333 3.63333 3.83333 4 3.83333H7.33333C7.7 3.83333 8 3.53333 8 3.16667C8 2.8 7.7 2.5 7.33333 2.5H3.33333C2.59333 2.5 2 3.1 2 3.83333V13.1667C2 13.9 2.6 14.5 3.33333 14.5H12.6667C13.4 14.5 14 13.9 14 13.1667V9.16667C14 8.8 13.7 8.5 13.3333 8.5C12.9667 8.5 12.6667 8.8 12.6667 9.16667V12.5C12.6667 12.8667 12.3667 13.1667 12 13.1667ZM9.33333 3.16667C9.33333 3.53333 9.63333 3.83333 10 3.83333H11.7267L5.64 9.92C5.38 10.18 5.38 10.6 5.64 10.86C5.9 11.12 6.32 11.12 6.58 10.86L12.6667 4.77333V6.5C12.6667 6.86667 12.9667 7.16667 13.3333 7.16667C13.7 7.16667 14 6.86667 14 6.5V3.16667C14 2.8 13.7 2.5 13.3333 2.5H10C9.63333 2.5 9.33333 2.8 9.33333 3.16667Z\" fill=\"#369125\"\/>\n<\/g>\n<defs>\n<clipPath id=\"clip0_12627_39119\">\n<rect width=\"16\" height=\"16\" fill=\"white\" transform=\"translate(0 0.5)\"\/>\n<\/clipPath>\n<\/defs>\n<\/svg>\n                Descubre Vesto\n    <\/a>\n                         <\/div> \n\n                         \n                      \n\n                     \n                        <\/div>\n                                     <\/div> \n\n                 <div class=\"two-columns-section__media-column order-first\">\n                                            <div class=\"two-columns-section__image-wrapper \">\n                            <img decoding=\"async\" src=\"https:\/\/creandaccelera.ad\/wp-content\/uploads\/vesto-plataforma-inversio.webp\" alt=\"Vesto\" title=\"Vesto\" class=\"two-columns-section__image \">\n                            \n                            \n                            \n                        <\/div>\n\n                                    <\/div>\n             <\/div>              \n         <\/div> \n     <\/div>\n\n    <\/section>\n\n\n\n<section id=\"block_ec2d7f21d0a053dca26ff89b08fdacf4\" class=\"wp-block-split-image-list-content  gutenberg-block  \" data-theme=light  style=\"--pb-mobile: 0px;\">\n    <svg  viewBox=\"0 0 1440 593\" xmlns=\"http:\/\/www.w3.org\/2000\/svg\" preserveAspectRatio=\"none\" class=\"full\">\n    <g clip-path=\"url(#clip0_12976_3831)\">\n        <rect width=\"1440\" height=\"593\" fill=\"url(#paint0_radial_12976_3831)\" fill-opacity=\"0.8\"\/>\n    <\/g>\n    <defs>\n        <radialGradient id=\"paint0_radial_12976_3831\" cx=\"0\" cy=\"0\" r=\"1\"\n        gradientTransform=\"matrix(774 407.994 -385.967 340.38 229 -68.8692)\"\n        gradientUnits=\"userSpaceOnUse\">\n        <stop stop-color=\"#068A2E\"\/>\n        <stop offset=\"0.563419\" stop-color=\"#90BC3E\"\/>\n        <stop offset=\"1\" stop-color=\"#D4F59D\" stop-opacity=\"0\"\/>\n        <\/radialGradient>\n        <clipPath id=\"clip0_12976_3831\">\n        <rect width=\"1440\" height=\"593\" fill=\"white\"\/>\n        <\/clipPath>\n    <\/defs>\n<\/svg>\n     <div class=\"two-columns-section\"> \n         <div class=\"container-fluid\"> \n             <div class=\"two-columns-section__grid content_center\"> \n                 <div class=\"two-columns-section__text-column  order-first\"> \n                   \n                    \n                    \n                    \n                     \n                        <div class=\"container special-container\">\n                    \n                      \n                         <h2 class=\"title  title-h2\">\n        StockCrowd IN\n    <\/h2>\n                      \n\n                      \n                         <div class=\"two-columns-section__description\"  style=\"font-size: 16px; line-height: 1.5em; font-weight: 350;\"  > \n                             <p>StockCrowd IN es una plataforma de crowdlending autorizada por la CNMV que conecta a inversores con promotores inmobiliarios consolidados. Ofrece oportunidades exclusivas de inversi\u00f3n colectiva, 100\u202f% online y con importes m\u00ednimos accesibles, permitiendo participar en proyectos con rentabilidades competitivas y reforzando la financiaci\u00f3n del ecosistema emprendedor y empresarial.<\/p>\n \n                         <\/div> \n                      \n\n                     \n                      \n                                                  <div class=\"two-columns-section__button-wrapper\"> \n                            <a href=\"https:\/\/www.stockcrowdin.com\/\" data-target=\"#form-MPul\" class=\"button button-terciary \" target=\"_blank\" title=\"Conoce StockCrowd IN\" rel=\"noopener\">\n                    <svg width=\"16\" height=\"17\" viewBox=\"0 0 16 17\" fill=\"none\" xmlns=\"http:\/\/www.w3.org\/2000\/svg\">\n<g clip-path=\"url(#clip0_12627_39119)\">\n<path d=\"M12 13.1667H4C3.63333 13.1667 3.33333 12.8667 3.33333 12.5V4.5C3.33333 4.13333 3.63333 3.83333 4 3.83333H7.33333C7.7 3.83333 8 3.53333 8 3.16667C8 2.8 7.7 2.5 7.33333 2.5H3.33333C2.59333 2.5 2 3.1 2 3.83333V13.1667C2 13.9 2.6 14.5 3.33333 14.5H12.6667C13.4 14.5 14 13.9 14 13.1667V9.16667C14 8.8 13.7 8.5 13.3333 8.5C12.9667 8.5 12.6667 8.8 12.6667 9.16667V12.5C12.6667 12.8667 12.3667 13.1667 12 13.1667ZM9.33333 3.16667C9.33333 3.53333 9.63333 3.83333 10 3.83333H11.7267L5.64 9.92C5.38 10.18 5.38 10.6 5.64 10.86C5.9 11.12 6.32 11.12 6.58 10.86L12.6667 4.77333V6.5C12.6667 6.86667 12.9667 7.16667 13.3333 7.16667C13.7 7.16667 14 6.86667 14 6.5V3.16667C14 2.8 13.7 2.5 13.3333 2.5H10C9.63333 2.5 9.33333 2.8 9.33333 3.16667Z\" fill=\"#369125\"\/>\n<\/g>\n<defs>\n<clipPath id=\"clip0_12627_39119\">\n<rect width=\"16\" height=\"16\" fill=\"white\" transform=\"translate(0 0.5)\"\/>\n<\/clipPath>\n<\/defs>\n<\/svg>\n                Conoce StockCrowd IN\n    <\/a>\n                         <\/div> \n\n                         \n                      \n\n                     \n                        <\/div>\n                                     <\/div> \n\n                 <div class=\"two-columns-section__media-column order-last\">\n                                            <div class=\"two-columns-section__image-wrapper \">\n                            <img decoding=\"async\" src=\"https:\/\/creandaccelera.ad\/wp-content\/uploads\/stock-crowd-in-plataforma-crowdlendering.webp\" alt=\"StockCrowd IN\" title=\"StockCrowd IN\" class=\"two-columns-section__image \">\n                            \n                            \n                            \n                        <\/div>\n\n                                    <\/div>\n             <\/div>              \n         <\/div> \n     <\/div>\n\n    <\/section>\n\n","protected":false},"excerpt":{"rendered":"","protected":false},"author":1,"featured_media":0,"parent":2506,"menu_order":0,"comment_status":"closed","ping_status":"closed","template":"","meta":{"_acf_changed":false,"inline_featured_image":false,"footnotes":""},"class_list":["post-2528","page","type-page","status-publish","hentry"],"acf":[],"_links":{"self":[{"href":"https:\/\/creandaccelera.ad\/es\/wp-json\/wp\/v2\/pages\/2528","targetHints":{"allow":["GET"]}}],"collection":[{"href":"https:\/\/creandaccelera.ad\/es\/wp-json\/wp\/v2\/pages"}],"about":[{"href":"https:\/\/creandaccelera.ad\/es\/wp-json\/wp\/v2\/types\/page"}],"author":[{"embeddable":true,"href":"https:\/\/creandaccelera.ad\/es\/wp-json\/wp\/v2\/users\/1"}],"replies":[{"embeddable":true,"href":"https:\/\/creandaccelera.ad\/es\/wp-json\/wp\/v2\/comments?post=2528"}],"version-history":[{"count":1,"href":"https:\/\/creandaccelera.ad\/es\/wp-json\/wp\/v2\/pages\/2528\/revisions"}],"predecessor-version":[{"id":3219,"href":"https:\/\/creandaccelera.ad\/es\/wp-json\/wp\/v2\/pages\/2528\/revisions\/3219"}],"up":[{"embeddable":true,"href":"https:\/\/creandaccelera.ad\/es\/wp-json\/wp\/v2\/pages\/2506"}],"wp:attachment":[{"href":"https:\/\/creandaccelera.ad\/es\/wp-json\/wp\/v2\/media?parent=2528"}],"curies":[{"name":"wp","href":"https:\/\/api.w.org\/{rel}","templated":true}]}}