{"id":2532,"date":"2025-09-29T16:11:27","date_gmt":"2025-09-29T14:11:27","guid":{"rendered":"https:\/\/creandaccelera.jellibylab.com\/network\/"},"modified":"2025-10-30T17:16:13","modified_gmt":"2025-10-30T16:16:13","slug":"network","status":"publish","type":"page","link":"https:\/\/creandaccelera.ad\/es\/network\/","title":{"rendered":"Network"},"content":{"rendered":"<section id=\"block_6d39877dba0f5fdfdce1c8a00970906e\" class=\"wp-block-page-header  gutenberg-block  \" data-theme=light  style=\"\">\n    <div class=\"page-header relative\">\n     <svg class=\"gradient absolute top-0 left-0\" width=\"1441\" height=\"409\" viewBox=\"0 0 1441 409\" fill=\"none\" xmlns=\"http:\/\/www.w3.org\/2000\/svg\">\n    <rect width=\"1440\" height=\"409\" transform=\"translate(0.5)\" fill=\"url(#paint0_radial_12722_3245)\" fill-opacity=\"0.8\"\/>\n    <defs>\n    <radialGradient id=\"paint0_radial_12722_3245\" cx=\"0\" cy=\"0\" r=\"1\" gradientTransform=\"matrix(960.5 338.5 -469.531 293.239 229 -47.5)\" gradientUnits=\"userSpaceOnUse\">\n    <stop stop-color=\"#068A2E\"\/>\n    <stop offset=\"0.563419\" stop-color=\"#90BC3E\"\/>\n    <stop offset=\"1\" stop-color=\"#D4F59D\" stop-opacity=\"0\"\/>\n    <\/radialGradient>\n    <\/defs>\n<\/svg>\n    <div class=\"container\">\n      <div class=\"page-header__container relative z-2\">\n        <div class=\"page-header__content-wrapper\">\n           \n            <h1 class=\"title  title-h1 title-h1-bold\">\n        Conexiones para generar nuevas oportunidades\n    <\/h1>\n                                <div class=\"page-header__content\">\n              <p>Creand Accelera contribuye a diversificar la econom\u00eda de Andorra, fomentar la creaci\u00f3n de valor y posicionar al pa\u00eds como un entorno abierto, activo y conectado para el talento emprendedor. Para ello, cuenta con una amplia red de colaboradores que permite detectar nuevas sinergias estrat\u00e9gicas entre startups, empresas y entidades.<\/p>\n\n            <\/div>\n                            <\/div>\n      <\/div>\n    <\/div>\n  <\/div>\n\n    <\/section>\n\n\n\n<section id=\"block_34d38b2ff95b0a0a49c558f4d15f628f\" class=\"wp-block-split-image-list-content  gutenberg-block  \" data-theme=light  style=\"\">\n    <svg  viewBox=\"0 0 1440 593\" xmlns=\"http:\/\/www.w3.org\/2000\/svg\" preserveAspectRatio=\"none\" class=\"full\">\n    <g clip-path=\"url(#clip0_12976_3831)\">\n        <rect width=\"1440\" height=\"593\" fill=\"url(#paint0_radial_12976_3831)\" fill-opacity=\"0.8\"\/>\n    <\/g>\n    <defs>\n        <radialGradient id=\"paint0_radial_12976_3831\" cx=\"0\" cy=\"0\" r=\"1\"\n        gradientTransform=\"matrix(774 407.994 -385.967 340.38 229 -68.8692)\"\n        gradientUnits=\"userSpaceOnUse\">\n        <stop stop-color=\"#068A2E\"\/>\n        <stop offset=\"0.563419\" stop-color=\"#90BC3E\"\/>\n        <stop offset=\"1\" stop-color=\"#D4F59D\" stop-opacity=\"0\"\/>\n        <\/radialGradient>\n        <clipPath id=\"clip0_12976_3831\">\n        <rect width=\"1440\" height=\"593\" fill=\"white\"\/>\n        <\/clipPath>\n    <\/defs>\n<\/svg>\n     <div class=\"two-columns-section\"> \n         <div class=\"container\"> \n             <div class=\"two-columns-section__grid content_center\"> \n                 <div class=\"two-columns-section__text-column  order-first\"> \n                   \n                    \n                    \n                    \n                    \n                      \n                         <h2 class=\"title  title-h2\">\n        Innovation Hub\n    <\/h2>\n                      \n\n                      \n                         <div class=\"two-columns-section__description\"  style=\"font-size: 16px; line-height: 1.5em; font-weight: 350;\"  > \n                             <p>El Innovation Hub conecta empresas y startups para impulsar la colaboraci\u00f3n y descubrir nuevas oportunidades de crecimiento. Enriquecemos el ecosistema emprendedor gracias a crear un entorno colaborativo caracterizado por las oportunidades de crecimiento que surgen y su atractivo por la inversi\u00f3n.<\/p>\n \n                         <\/div> \n                      \n\n                     \n                      \n                                                  <div class=\"two-columns-section__button-wrapper\"> \n                            <a href=\"https:\/\/creandaccelera.ad\/es\/network\/innovation-hub\/\"  data-target=\"#form-tSCr\"   class=\"button button-terciary \" target=\"\" title=\"Descubre el Innovation Hub\">\n                Descubre el Innovation Hub\n    <\/a>\n                         <\/div> \n\n                         \n                      \n\n                                     <\/div> \n\n                 <div class=\"two-columns-section__media-column order-last\">\n                                            <div class=\"two-columns-section__image-wrapper \">\n                            <img decoding=\"async\" src=\"https:\/\/creandaccelera.ad\/wp-content\/uploads\/creand-accelera-innovation-hub.svg\" alt=\"Icono Creand Innovation Hub\" title=\"Icono Creand Innovation Hub\" class=\"two-columns-section__image \">\n                            \n                            \n                            \n                        <\/div>\n\n                                    <\/div>\n             <\/div>              \n         <\/div> \n     <\/div>\n\n    <\/section>\n\n\n\n<section id=\"block_b1d9d58e9f3b2d5b282e071ce6d140ee\" class=\"wp-block-split-image-list-content  gutenberg-block  \" data-theme=light  style=\"\">\n    <svg  viewBox=\"0 0 1440 593\" xmlns=\"http:\/\/www.w3.org\/2000\/svg\" preserveAspectRatio=\"none\" class=\"full\">\n    <g clip-path=\"url(#clip0_12976_3831)\">\n        <rect width=\"1440\" height=\"593\" fill=\"url(#paint0_radial_12976_3831)\" fill-opacity=\"0.8\"\/>\n    <\/g>\n    <defs>\n        <radialGradient id=\"paint0_radial_12976_3831\" cx=\"0\" cy=\"0\" r=\"1\"\n        gradientTransform=\"matrix(774 407.994 -385.967 340.38 229 -68.8692)\"\n        gradientUnits=\"userSpaceOnUse\">\n        <stop stop-color=\"#068A2E\"\/>\n        <stop offset=\"0.563419\" stop-color=\"#90BC3E\"\/>\n        <stop offset=\"1\" stop-color=\"#D4F59D\" stop-opacity=\"0\"\/>\n        <\/radialGradient>\n        <clipPath id=\"clip0_12976_3831\">\n        <rect width=\"1440\" height=\"593\" fill=\"white\"\/>\n        <\/clipPath>\n    <\/defs>\n<\/svg>\n     <div class=\"two-columns-section\"> \n         <div class=\"container\"> \n             <div class=\"two-columns-section__grid content_center\"> \n                 <div class=\"two-columns-section__text-column  order-last\"> \n                   \n                    \n                    \n                    \n                    \n                      \n                         <h2 class=\"title  title-h2\">\n        Ecosistema\n    <\/h2>\n                      \n\n                      \n                         <div class=\"two-columns-section__description\"  style=\"font-size: 16px; line-height: 1.5em; font-weight: 350;\"  > \n                             <p>Creand Accelera promueve iniciativas de emprendimiento e innovaci\u00f3n en colaboraci\u00f3n con actores estrat\u00e9gicos, tanto locales como internacionales. Creamos alianzas que atraviesan fronteras y multiplican posibilidades.<\/p>\n \n                         <\/div> \n                      \n\n                     \n                      \n                                                  <div class=\"two-columns-section__button-wrapper\"> \n                            <a href=\"https:\/\/creandaccelera.ad\/es\/network\/ecosistema\/\"  data-target=\"#form-nYiW\"   class=\"button button-terciary \" target=\"\" title=\"Conoce a los colaboradores de Creand Accelera\">\n                Conoce a los colaboradores de Creand Accelera\n    <\/a>\n                         <\/div> \n\n                         \n                      \n\n                                     <\/div> \n\n                 <div class=\"two-columns-section__media-column order-first\">\n                                            <div class=\"two-columns-section__image-wrapper \">\n                            <img decoding=\"async\" src=\"https:\/\/creandaccelera.ad\/wp-content\/uploads\/creand-accelera-ecosistema.svg\" alt=\"Creand accelera ecosistema\" title=\"Creand accelera ecosistema\" class=\"two-columns-section__image \">\n                            \n                            \n                            \n                        <\/div>\n\n                                    <\/div>\n             <\/div>              \n         <\/div> \n     <\/div>\n\n    <\/section>\n\n","protected":false},"excerpt":{"rendered":"","protected":false},"author":1,"featured_media":0,"parent":0,"menu_order":0,"comment_status":"closed","ping_status":"closed","template":"","meta":{"_acf_changed":false,"inline_featured_image":false,"footnotes":""},"class_list":["post-2532","page","type-page","status-publish","hentry"],"acf":[],"_links":{"self":[{"href":"https:\/\/creandaccelera.ad\/es\/wp-json\/wp\/v2\/pages\/2532","targetHints":{"allow":["GET"]}}],"collection":[{"href":"https:\/\/creandaccelera.ad\/es\/wp-json\/wp\/v2\/pages"}],"about":[{"href":"https:\/\/creandaccelera.ad\/es\/wp-json\/wp\/v2\/types\/page"}],"author":[{"embeddable":true,"href":"https:\/\/creandaccelera.ad\/es\/wp-json\/wp\/v2\/users\/1"}],"replies":[{"embeddable":true,"href":"https:\/\/creandaccelera.ad\/es\/wp-json\/wp\/v2\/comments?post=2532"}],"version-history":[{"count":1,"href":"https:\/\/creandaccelera.ad\/es\/wp-json\/wp\/v2\/pages\/2532\/revisions"}],"predecessor-version":[{"id":3142,"href":"https:\/\/creandaccelera.ad\/es\/wp-json\/wp\/v2\/pages\/2532\/revisions\/3142"}],"wp:attachment":[{"href":"https:\/\/creandaccelera.ad\/es\/wp-json\/wp\/v2\/media?parent=2532"}],"curies":[{"name":"wp","href":"https:\/\/api.w.org\/{rel}","templated":true}]}}