{"id":2540,"date":"2025-09-29T16:11:27","date_gmt":"2025-09-29T14:11:27","guid":{"rendered":"https:\/\/creandaccelera.jellibylab.com\/network\/innovation-hub\/"},"modified":"2025-10-31T12:20:59","modified_gmt":"2025-10-31T11:20:59","slug":"innovation-hub","status":"publish","type":"page","link":"https:\/\/creandaccelera.ad\/es\/network\/innovation-hub\/","title":{"rendered":"Innovation Hub"},"content":{"rendered":"<section id=\"block_973735cd78c99dd1c77c52ba9cc27efe\" class=\"wp-block-page-header  gutenberg-block  \" data-theme=light  style=\"\">\n    <div class=\"page-header relative\">\n     <svg class=\"gradient absolute top-0 left-0\" width=\"1441\" height=\"409\" viewBox=\"0 0 1441 409\" fill=\"none\" xmlns=\"http:\/\/www.w3.org\/2000\/svg\">\n    <rect width=\"1440\" height=\"409\" transform=\"translate(0.5)\" fill=\"url(#paint0_radial_12722_3245)\" fill-opacity=\"0.8\"\/>\n    <defs>\n    <radialGradient id=\"paint0_radial_12722_3245\" cx=\"0\" cy=\"0\" r=\"1\" gradientTransform=\"matrix(960.5 338.5 -469.531 293.239 229 -47.5)\" gradientUnits=\"userSpaceOnUse\">\n    <stop stop-color=\"#068A2E\"\/>\n    <stop offset=\"0.563419\" stop-color=\"#90BC3E\"\/>\n    <stop offset=\"1\" stop-color=\"#D4F59D\" stop-opacity=\"0\"\/>\n    <\/radialGradient>\n    <\/defs>\n<\/svg>\n    <div class=\"container\">\n      <div class=\"page-header__container relative z-2\">\n        <div class=\"page-header__content-wrapper\">\n           \n            <h1 class=\"title  title-h1 title-h1-bold\">\n        Apoyo a la innovaci\u00f3n\n    <\/h1>\n                                <div class=\"page-header__content\">\n              <p>El Innovation Hub de Creand es un espacio dise\u00f1ado para apoyar a las empresas que buscan innovar, crecer y liderar en sus respectivos sectores. Combina el conocimiento del ecosistema emprendedor, la detecci\u00f3n de oportunidades y la atracci\u00f3n de inversi\u00f3n para ofrecer soluciones personalizadas que impulsan a empresas consolidadas y emergentes hacia el \u00e9xito.<\/p>\n\n            <\/div>\n                    \n          \n              <a href=\"#open-form\"  data-target=\"#form-UMfE\"   class=\"button button-terciary open-form\" target=\"_self\" title=\"\">\n                Me interesa\n    <\/a>\n              \n                  <\/div>\n      <\/div>\n    <\/div>\n  <\/div>\n\n      <div class=\"form-inscription\" id=\"form-UMfE\">\n        <div class=\"form-inscription-overlay\"><\/div>\n        <div class=\"form-container no-padding\">\n            <div class=\"close-form\">\n                <svg width=\"29\" height=\"29\" viewBox=\"0 0 29 29\" fill=\"none\" xmlns=\"http:\/\/www.w3.org\/2000\/svg\">\n<path d=\"M21.8004 7.19995L7.40039 21.6\" stroke=\"black\" stroke-width=\"2.4\" stroke-linecap=\"round\" stroke-linejoin=\"round\"\/>\n<path d=\"M7.40039 7.19995L21.8004 21.6\" stroke=\"black\" stroke-width=\"2.4\" stroke-linecap=\"round\" stroke-linejoin=\"round\"\/>\n<\/svg>\n            <\/div>\n            <div class=\"hubspot-form\">\n                <script src=\"https:\/\/js-eu1.hsforms.net\/forms\/embed\/24876949.js\" defer><\/script>\r\n<div class=\"hs-form-frame\" data-region=\"eu1\" data-form-id=\"34a8b36d-cbb8-404f-8017-9ea8b7c81049\" data-portal-id=\"24876949\"><\/div>\n            <\/div>\n        <\/div>\n    <\/div>\n\n    <\/section>\n\n\n\n<section id=\"block_2155195cf82b669a9e45db381931c152\" class=\"wp-block-split-image-list-content  gutenberg-block  \" data-theme=light  style=\"\">\n    <svg  viewBox=\"0 0 1440 593\" xmlns=\"http:\/\/www.w3.org\/2000\/svg\" preserveAspectRatio=\"none\" class=\"full\">\n    <g clip-path=\"url(#clip0_12976_3831)\">\n        <rect width=\"1440\" height=\"593\" fill=\"url(#paint0_radial_12976_3831)\" fill-opacity=\"0.8\"\/>\n    <\/g>\n    <defs>\n        <radialGradient id=\"paint0_radial_12976_3831\" cx=\"0\" cy=\"0\" r=\"1\"\n        gradientTransform=\"matrix(774 407.994 -385.967 340.38 229 -68.8692)\"\n        gradientUnits=\"userSpaceOnUse\">\n        <stop stop-color=\"#068A2E\"\/>\n        <stop offset=\"0.563419\" stop-color=\"#90BC3E\"\/>\n        <stop offset=\"1\" stop-color=\"#D4F59D\" stop-opacity=\"0\"\/>\n        <\/radialGradient>\n        <clipPath id=\"clip0_12976_3831\">\n        <rect width=\"1440\" height=\"593\" fill=\"white\"\/>\n        <\/clipPath>\n    <\/defs>\n<\/svg>\n     <div class=\"two-columns-section\"> \n         <div class=\"container\"> \n             <div class=\"two-columns-section__grid content_center\"> \n                 <div class=\"two-columns-section__text-column  order-last\"> \n                   \n                    \n                    \n                    \n                    \n                      \n                         <h2 class=\"title  title-h2\">\n        Beneficios del Innovation Hub\n    <\/h2>\n                      \n\n                      \n                         <div class=\"two-columns-section__description\"  style=\"font-size: 16px; line-height: 1.5em; font-weight: 350;\"  > \n                             <p>Ofrecemos numerosos beneficios para empresas de cualquier tama\u00f1o y sector: acompa\u00f1amiento de nuestros especialistas en innovaci\u00f3n para identificar retos empresariales de forma eficaz; un entorno de colaboraci\u00f3n entre empresas consolidadas y emergentes que facilita conexiones valiosas y oportunidades de negocio; y conocimiento de soluciones innovadoras de startups que permiten resolver los retos identificados.<\/p>\n \n                         <\/div> \n                      \n\n                     \n                      \n\n                                     <\/div> \n\n                 <div class=\"two-columns-section__media-column order-first\">\n                                            <div class=\"two-columns-section__image-wrapper \">\n                            <img decoding=\"async\" src=\"https:\/\/creandaccelera.ad\/wp-content\/uploads\/creand-innovation-hub-beneficis.svg\" alt=\"Beneficios del Innovation Hub\" title=\"Beneficios del Innovation Hub\" class=\"two-columns-section__image \">\n                            \n                            \n                            \n                        <\/div>\n\n                                    <\/div>\n             <\/div>              \n         <\/div> \n     <\/div>\n\n    <\/section>\n\n\n\n<section id=\"block_3f3137a1efe5af8791ff7302fee80f6c\" class=\"wp-block-split-image-list-content  gutenberg-block  \" data-theme=light  style=\"\">\n    <svg  viewBox=\"0 0 1440 593\" xmlns=\"http:\/\/www.w3.org\/2000\/svg\" preserveAspectRatio=\"none\" class=\"full\">\n    <g clip-path=\"url(#clip0_12976_3831)\">\n        <rect width=\"1440\" height=\"593\" fill=\"url(#paint0_radial_12976_3831)\" fill-opacity=\"0.8\"\/>\n    <\/g>\n    <defs>\n        <radialGradient id=\"paint0_radial_12976_3831\" cx=\"0\" cy=\"0\" r=\"1\"\n        gradientTransform=\"matrix(774 407.994 -385.967 340.38 229 -68.8692)\"\n        gradientUnits=\"userSpaceOnUse\">\n        <stop stop-color=\"#068A2E\"\/>\n        <stop offset=\"0.563419\" stop-color=\"#90BC3E\"\/>\n        <stop offset=\"1\" stop-color=\"#D4F59D\" stop-opacity=\"0\"\/>\n        <\/radialGradient>\n        <clipPath id=\"clip0_12976_3831\">\n        <rect width=\"1440\" height=\"593\" fill=\"white\"\/>\n        <\/clipPath>\n    <\/defs>\n<\/svg>\n     <div class=\"two-columns-section\"> \n         <div class=\"container\"> \n             <div class=\"two-columns-section__grid content_center\"> \n                 <div class=\"two-columns-section__text-column  order-first\"> \n                   \n                    \n                    \n                    \n                    \n                      \n                         <h2 class=\"title  title-h2\">\n        Servicios ofrecidos en el Innovation Hub\n    <\/h2>\n                      \n\n                      \n                         <div class=\"two-columns-section__description\"  style=\"font-size: 16px; line-height: 1.5em; font-weight: 350;\"  > \n                             <p>En nuestro Innovation Hub apoyamos el desarrollo y el \u00e9xito de las empresas con un servicio integral. Acompa\u00f1amos a todo tipo de retos, incluyendo la gesti\u00f3n del talento, la relaci\u00f3n con clientes, la eficiencia operativa, las finanzas, la evoluci\u00f3n de productos, la imagen corporativa, los aspectos legales y la sostenibilidad, siempre buscando soluciones adaptadas a las necesidades reales.<\/p>\n \n                         <\/div> \n                      \n\n                     \n                      \n\n                                     <\/div> \n\n                 <div class=\"two-columns-section__media-column order-last\">\n                                            <div class=\"two-columns-section__image-wrapper \">\n                            <img decoding=\"async\" src=\"https:\/\/creandaccelera.ad\/wp-content\/uploads\/creand-accelera-innovation-hub.svg\" alt=\"Icono Creand Innovation Hub\" title=\"Icono Creand Innovation Hub\" class=\"two-columns-section__image \">\n                            \n                            \n                            \n                        <\/div>\n\n                                    <\/div>\n             <\/div>              \n         <\/div> \n     <\/div>\n\n    <\/section>\n\n\n\n<section id=\"block_04f0e75525b44d5e1362a85095535b6f\" class=\"wp-block-split-image-list-content  gutenberg-block  \" data-theme=light  style=\"\">\n    <svg  viewBox=\"0 0 1440 593\" xmlns=\"http:\/\/www.w3.org\/2000\/svg\" preserveAspectRatio=\"none\" class=\"full\">\n    <g clip-path=\"url(#clip0_12976_3831)\">\n        <rect width=\"1440\" height=\"593\" fill=\"url(#paint0_radial_12976_3831)\" fill-opacity=\"0.8\"\/>\n    <\/g>\n    <defs>\n        <radialGradient id=\"paint0_radial_12976_3831\" cx=\"0\" cy=\"0\" r=\"1\"\n        gradientTransform=\"matrix(774 407.994 -385.967 340.38 229 -68.8692)\"\n        gradientUnits=\"userSpaceOnUse\">\n        <stop stop-color=\"#068A2E\"\/>\n        <stop offset=\"0.563419\" stop-color=\"#90BC3E\"\/>\n        <stop offset=\"1\" stop-color=\"#D4F59D\" stop-opacity=\"0\"\/>\n        <\/radialGradient>\n        <clipPath id=\"clip0_12976_3831\">\n        <rect width=\"1440\" height=\"593\" fill=\"white\"\/>\n        <\/clipPath>\n    <\/defs>\n<\/svg>\n     <div class=\"two-columns-section\"> \n         <div class=\"container\"> \n             <div class=\"two-columns-section__grid content_center\"> \n                 <div class=\"two-columns-section__text-column  order-last\"> \n                   \n                    \n                    \n                    \n                    \n                      \n                         <h2 class=\"title  title-h2\">\n        Historias de innovaci\u00f3n empresarial\n    <\/h2>\n                      \n\n                      \n                         <div class=\"two-columns-section__description\"  style=\"font-size: 16px; line-height: 1.5em; font-weight: 350;\"  > \n                             <p>En el Innovation Hub, hemos sido testigos de historias de \u00e9xito que demuestran el impacto positivo de nuestros servicios en las empresas. Un ejemplo destacable es el del Andorra Esports Cl\u00faster, que, gracias al acceso a nuestro servicio, se pudo beneficiar de las sinergias de colaboraci\u00f3n que ofrece nuestro hub para impulsar su digitalizaci\u00f3n.<\/p>\n \n                         <\/div> \n                      \n\n                     \n                      \n\n                                     <\/div> \n\n                 <div class=\"two-columns-section__media-column order-first\">\n                                            <div class=\"two-columns-section__image-wrapper \">\n                            <img decoding=\"async\" src=\"https:\/\/creandaccelera.ad\/wp-content\/uploads\/creand-innovation-hub-ecosistema.svg\" alt=\"Historias de innovaci\u00f3n empresarial\" title=\"Historias de innovaci\u00f3n empresarial\" class=\"two-columns-section__image \">\n                            \n                            \n                            \n                        <\/div>\n\n                                    <\/div>\n             <\/div>              \n         <\/div> \n     <\/div>\n\n    <\/section>\n\n\n\n<section id=\"block_63e928f1e23cdb4c28fcbd94b2afc011\" class=\"wp-block-split-image-list-content  gutenberg-block  \" data-theme=light  style=\"\">\n    <svg  viewBox=\"0 0 1440 593\" xmlns=\"http:\/\/www.w3.org\/2000\/svg\" preserveAspectRatio=\"none\" class=\"full\">\n    <g clip-path=\"url(#clip0_12976_3831)\">\n        <rect width=\"1440\" height=\"593\" fill=\"url(#paint0_radial_12976_3831)\" fill-opacity=\"0.8\"\/>\n    <\/g>\n    <defs>\n        <radialGradient id=\"paint0_radial_12976_3831\" cx=\"0\" cy=\"0\" r=\"1\"\n        gradientTransform=\"matrix(774 407.994 -385.967 340.38 229 -68.8692)\"\n        gradientUnits=\"userSpaceOnUse\">\n        <stop stop-color=\"#068A2E\"\/>\n        <stop offset=\"0.563419\" stop-color=\"#90BC3E\"\/>\n        <stop offset=\"1\" stop-color=\"#D4F59D\" stop-opacity=\"0\"\/>\n        <\/radialGradient>\n        <clipPath id=\"clip0_12976_3831\">\n        <rect width=\"1440\" height=\"593\" fill=\"white\"\/>\n        <\/clipPath>\n    <\/defs>\n<\/svg>\n     <div class=\"two-columns-section\"> \n         <div class=\"container\"> \n             <div class=\"two-columns-section__grid content_center\"> \n                 <div class=\"two-columns-section__text-column  order-first\"> \n                   \n                    \n                    \n                    \n                    \n                      \n                         <h2 class=\"title  title-h2\">\n        C\u00f3mo unirse al Innovation HUB empresarial de Creand\n    <\/h2>\n                      \n\n                      \n                         <div class=\"two-columns-section__description\"  style=\"font-size: 16px; line-height: 1.5em; font-weight: 350;\"  > \n                             <p>Cualquier empresa o emprendedor que busque un entorno de innovaci\u00f3n y colaboraci\u00f3n puede unirse a nuestro Innovation Hub, sin importar el tama\u00f1o o el sector. No existe ning\u00fan coste asociado ni se exige ning\u00fan compromiso, pero mantenemos la m\u00e1xima confidencialidad. Unirse es un proceso sencillo pensado para que las empresas puedan empezar a beneficiarse de nuestros servicios lo antes posible.<\/p>\n \n                         <\/div> \n                      \n\n                     \n                      \n                                                  <div class=\"two-columns-section__button-wrapper\"> \n                            <a href=\"#open-form\"  data-target=\"#form-uuRz\"   class=\"button button-terciary open-form\" target=\"_self\" title=\"\">\n                Solicitar\n    <\/a>\n                         <\/div> \n\n                                                    <div class=\"form-inscription\" id=\"form-uuRz\">\n                                <div class=\"form-inscription-overlay\"><\/div>\n                                <div class=\"form-container no-padding\">\n                                    <div class=\"close-form\">\n                                        <svg width=\"29\" height=\"29\" viewBox=\"0 0 29 29\" fill=\"none\" xmlns=\"http:\/\/www.w3.org\/2000\/svg\">\n<path d=\"M21.8004 7.19995L7.40039 21.6\" stroke=\"black\" stroke-width=\"2.4\" stroke-linecap=\"round\" stroke-linejoin=\"round\"\/>\n<path d=\"M7.40039 7.19995L21.8004 21.6\" stroke=\"black\" stroke-width=\"2.4\" stroke-linecap=\"round\" stroke-linejoin=\"round\"\/>\n<\/svg>\n                                    <\/div>\n                                    <div class=\"hubspot-form\">\n                                        <script src=\"https:\/\/js-eu1.hsforms.net\/forms\/embed\/24876949.js\" defer><\/script>\r\n<div class=\"hs-form-frame\" data-region=\"eu1\" data-form-id=\"34a8b36d-cbb8-404f-8017-9ea8b7c81049\" data-portal-id=\"24876949\"><\/div>\n                                    <\/div>\n                                <\/div>\n                            <\/div>\n                         \n                      \n\n                                     <\/div> \n\n                 <div class=\"two-columns-section__media-column order-last\">\n                                            <div class=\"two-columns-section__image-wrapper \">\n                            <img decoding=\"async\" src=\"https:\/\/creandaccelera.ad\/wp-content\/uploads\/creand-innovation-hub-empresarial.svg\" alt=\"C\u00f3mo unirse al Innovation HUB empresarial de Creand\" title=\"C\u00f3mo unirse al Innovation HUB empresarial de Creand\" class=\"two-columns-section__image \">\n                            \n                            \n                            \n                        <\/div>\n\n                                    <\/div>\n             <\/div>              \n         <\/div> \n     <\/div>\n\n    <\/section>\n\n","protected":false},"excerpt":{"rendered":"","protected":false},"author":1,"featured_media":0,"parent":2532,"menu_order":0,"comment_status":"closed","ping_status":"closed","template":"","meta":{"_acf_changed":false,"inline_featured_image":false,"footnotes":""},"class_list":["post-2540","page","type-page","status-publish","hentry"],"acf":[],"_links":{"self":[{"href":"https:\/\/creandaccelera.ad\/es\/wp-json\/wp\/v2\/pages\/2540","targetHints":{"allow":["GET"]}}],"collection":[{"href":"https:\/\/creandaccelera.ad\/es\/wp-json\/wp\/v2\/pages"}],"about":[{"href":"https:\/\/creandaccelera.ad\/es\/wp-json\/wp\/v2\/types\/page"}],"author":[{"embeddable":true,"href":"https:\/\/creandaccelera.ad\/es\/wp-json\/wp\/v2\/users\/1"}],"replies":[{"embeddable":true,"href":"https:\/\/creandaccelera.ad\/es\/wp-json\/wp\/v2\/comments?post=2540"}],"version-history":[{"count":1,"href":"https:\/\/creandaccelera.ad\/es\/wp-json\/wp\/v2\/pages\/2540\/revisions"}],"predecessor-version":[{"id":3385,"href":"https:\/\/creandaccelera.ad\/es\/wp-json\/wp\/v2\/pages\/2540\/revisions\/3385"}],"up":[{"embeddable":true,"href":"https:\/\/creandaccelera.ad\/es\/wp-json\/wp\/v2\/pages\/2532"}],"wp:attachment":[{"href":"https:\/\/creandaccelera.ad\/es\/wp-json\/wp\/v2\/media?parent=2540"}],"curies":[{"name":"wp","href":"https:\/\/api.w.org\/{rel}","templated":true}]}}